{"id":2,"date":"2015-12-09T03:33:20","date_gmt":"2015-12-09T03:33:20","guid":{"rendered":"http:\/\/wp44m.a10-52-158-154.qa.plesk.ru\/wordpress\/?page_id=2"},"modified":"2025-11-26T16:23:02","modified_gmt":"2025-11-26T16:23:02","slug":"sample-page","status":"publish","type":"page","link":"http:\/\/blog.tanjathalmann.com\/?page_id=2","title":{"rendered":"Wer ich bin&#8230;"},"content":{"rendered":"<p style=\"text-align: center;\">Ich bin Mediengestalterin Bild und Ton, freie Cutterin, Fotografin, Musikerin und allgemeine Lebensk\u00fcnstlerin. Auch bekannt als<br \/>\nxxPippiLottaxx.<\/p>\n<p style=\"text-align: center;\"><img loading=\"lazy\" decoding=\"async\" class=\"alignnone size-medium wp-image-108\" src=\"http:\/\/blog.tanjathalmann.com\/wp-content\/uploads\/2015\/12\/ME-300x200.jpg\" alt=\"ME\" width=\"300\" height=\"200\" srcset=\"http:\/\/blog.tanjathalmann.com\/wp-content\/uploads\/2015\/12\/ME-300x200.jpg 300w, http:\/\/blog.tanjathalmann.com\/wp-content\/uploads\/2015\/12\/ME.jpg 518w\" sizes=\"auto, (max-width: 300px) 100vw, 300px\" \/><\/p>\n<p style=\"text-align: center;\">Ich liebe unbequeme, zeitgen\u00f6ssische Kunst, internationale Multikultur und ausserparlamentarische Politk.<\/p>\n<p style=\"text-align: center;\">Ich besch\u00e4ftige mich mit dem Verg\u00e4nglichen, suche nach Wegen aus diesem System und bin f\u00fcr Aussenseiter jeder Art. Mein Programm hei\u00dft miteinander dagegen sein. Hier k\u00f6nnt ihr lesen, was mir auf meinen Reisen so passiert, wer mir begegnet und was mich eventuell davon abh\u00e4lt dort zu bleiben.<\/p>\n<p style=\"text-align: center;\">Ich komme aus Mecklenburg -Vorpommern (Rostock, Neubrandenburg, Pasewalk und Ueckerm\u00fcnde, Wolgast, Greifswald und nat\u00fcrlich L\u00fcbs) sowie aus Berlin, Moskau und K\u00f6ln. Ich bin \u00fcberall und nirgends. Kann alles, wenn ich will und manchmal auch gar nichts. Ich tr\u00e4ume vom selbstbestimmten Leben.<\/p>\n<p style=\"text-align: center;\">Salute ihr Lieben!!<\/p>\n<p>&nbsp;<\/p>\n<p><img loading=\"lazy\" decoding=\"async\" class=\"size-medium wp-image-8359 aligncenter\" src=\"http:\/\/blog.tanjathalmann.com\/wp-content\/uploads\/2025\/11\/IMG_1500-tilly-in-sonnbrille-300x169.jpg\" alt=\"\" width=\"300\" height=\"169\" srcset=\"http:\/\/blog.tanjathalmann.com\/wp-content\/uploads\/2025\/11\/IMG_1500-tilly-in-sonnbrille-300x169.jpg 300w, http:\/\/blog.tanjathalmann.com\/wp-content\/uploads\/2025\/11\/IMG_1500-tilly-in-sonnbrille-1024x576.jpg 1024w, http:\/\/blog.tanjathalmann.com\/wp-content\/uploads\/2025\/11\/IMG_1500-tilly-in-sonnbrille-768x432.jpg 768w, http:\/\/blog.tanjathalmann.com\/wp-content\/uploads\/2025\/11\/IMG_1500-tilly-in-sonnbrille.jpg 1280w\" sizes=\"auto, (max-width: 300px) 100vw, 300px\" \/><\/p>\n<p style=\"text-align: center;\">&#8230; it&#8217;s been a while, now I am back. xxPippiLottaxx upgraded to Mizz_thie_<\/p>\n<p style=\"text-align: center;\">The world changed, so did I. And that is good. Still I have a lot of doubts in this system, I still believe we are victims of capitalist structures but I do appreciate and can see good sides of it, too. There are more options than black or white. There is always a big range and plenty of grey tones.<\/p>\n<p style=\"text-align: center;\">My stupidity in digital understanding and caring, lack of knowledge in programing made me stop writing my blog for several years. And I focused on finishing my third DIY Music Album in this time, &#8222;finished&#8220; my studies. I am know allowed to call myself Bachelor of Arts in Mediaculture and Music Science. Yeah.<\/p>\n<p style=\"text-align: center;\">Anyway. I got back to my blog now. With a little help from my friends and family.<\/p>\n<p style=\"text-align: center;\">Rock on, stay strong, hold on!!!<\/p>\n","protected":false},"excerpt":{"rendered":"<p>Ich bin Mediengestalterin Bild und Ton, freie Cutterin, Fotografin, Musikerin und allgemeine Lebensk\u00fcnstlerin. Auch bekannt als xxPippiLottaxx. Ich liebe unbequeme, zeitgen\u00f6ssische Kunst, internationale Multikultur und ausserparlamentarische Politk. Ich besch\u00e4ftige mich mit dem Verg\u00e4nglichen, suche nach Wegen aus diesem System und bin f\u00fcr Aussenseiter jeder Art. Mein Programm hei\u00dft miteinander dagegen sein. Hier k\u00f6nnt ihr lesen, &hellip; <a href=\"http:\/\/blog.tanjathalmann.com\/?page_id=2\" class=\"more-link\"><span class=\"screen-reader-text\">Wer ich bin&#8230;<\/span> weiterlesen <span class=\"meta-nav\">&rarr;<\/span><\/a><\/p>\n","protected":false},"author":1,"featured_media":0,"parent":0,"menu_order":0,"comment_status":"closed","ping_status":"open","template":"","meta":{"footnotes":""},"class_list":["post-2","page","type-page","status-publish","hentry"],"_links":{"self":[{"href":"http:\/\/blog.tanjathalmann.com\/index.php?rest_route=\/wp\/v2\/pages\/2","targetHints":{"allow":["GET"]}}],"collection":[{"href":"http:\/\/blog.tanjathalmann.com\/index.php?rest_route=\/wp\/v2\/pages"}],"about":[{"href":"http:\/\/blog.tanjathalmann.com\/index.php?rest_route=\/wp\/v2\/types\/page"}],"author":[{"embeddable":true,"href":"http:\/\/blog.tanjathalmann.com\/index.php?rest_route=\/wp\/v2\/users\/1"}],"replies":[{"embeddable":true,"href":"http:\/\/blog.tanjathalmann.com\/index.php?rest_route=%2Fwp%2Fv2%2Fcomments&post=2"}],"version-history":[{"count":15,"href":"http:\/\/blog.tanjathalmann.com\/index.php?rest_route=\/wp\/v2\/pages\/2\/revisions"}],"predecessor-version":[{"id":8361,"href":"http:\/\/blog.tanjathalmann.com\/index.php?rest_route=\/wp\/v2\/pages\/2\/revisions\/8361"}],"wp:attachment":[{"href":"http:\/\/blog.tanjathalmann.com\/index.php?rest_route=%2Fwp%2Fv2%2Fmedia&parent=2"}],"curies":[{"name":"wp","href":"https:\/\/api.w.org\/{rel}","templated":true}]}}